{"id":2065,"date":"2024-07-19T12:38:27","date_gmt":"2024-07-19T10:38:27","guid":{"rendered":"https:\/\/www.e-sikolo.com\/?page_id=2065"},"modified":"2024-09-10T18:07:14","modified_gmt":"2024-09-10T16:07:14","slug":"contactez-nous","status":"publish","type":"page","link":"https:\/\/www.e-sikolo.com\/en\/contactez-nous\/","title":{"rendered":"Contact us"},"content":{"rendered":"\t\t<div data-elementor-type=\"wp-page\" data-elementor-id=\"2065\" class=\"elementor elementor-2065\" data-elementor-post-type=\"page\">\n\t\t\t\t<div class=\"elementor-element elementor-element-6ce30623 e-flex e-con-boxed e-con e-parent\" data-id=\"6ce30623\" data-element_type=\"container\" data-e-type=\"container\">\n\t\t\t\t\t<div class=\"e-con-inner\">\n\t\t<div class=\"elementor-element elementor-element-6e1fbe47 e-con-full e-flex e-con e-child\" data-id=\"6e1fbe47\" data-element_type=\"container\" data-e-type=\"container\">\n\t\t\t\t<div class=\"elementor-element elementor-element-5d329f28 elementor-widget elementor-widget-heading\" data-id=\"5d329f28\" data-element_type=\"widget\" data-e-type=\"widget\" data-widget_type=\"heading.default\">\n\t\t\t\t<div class=\"elementor-widget-container\">\n\t\t\t\t\t<h2 class=\"elementor-heading-title elementor-size-default\">Besoin d'aide ? Contactez-nous !\n<\/h2>\t\t\t\t<\/div>\n\t\t\t\t<\/div>\n\t\t\t\t<div class=\"elementor-element elementor-element-5be177c9 elementor-widget elementor-widget-text-editor\" data-id=\"5be177c9\" data-element_type=\"widget\" data-e-type=\"widget\" data-widget_type=\"text-editor.default\">\n\t\t\t\t<div class=\"elementor-widget-container\">\n\t\t\t\t\t\t\t\t\tQue vous ayez une question sur nos produits ou services, que vous souhaitiez signaler un probl\u00e8me ou que vous ayez simplement besoin de parler \u00e0 quelqu&rsquo;un, nous sommes l\u00e0 pour vous. N&rsquo;h\u00e9sitez pas \u00e0 nous contacter par t\u00e9l\u00e9phone, e-mail ou chat en direct. Nous sommes toujours heureux de vous aider.\t\t\t\t\t\t\t\t<\/div>\n\t\t\t\t<\/div>\n\t\t\t\t<\/div>\n\t\t<div class=\"elementor-element elementor-element-2aff3691 e-con-full e-flex e-con e-child\" data-id=\"2aff3691\" data-element_type=\"container\" data-e-type=\"container\">\n\t\t\t\t<div class=\"elementor-element elementor-element-21f29f4b elementor-widget elementor-widget-image\" data-id=\"21f29f4b\" data-element_type=\"widget\" data-e-type=\"widget\" data-widget_type=\"image.default\">\n\t\t\t\t<div class=\"elementor-widget-container\">\n\t\t\t\t\t\t\t\t\t\t\t\t\t\t\t<img fetchpriority=\"high\" decoding=\"async\" width=\"1024\" height=\"683\" src=\"https:\/\/www.e-sikolo.com\/wp-content\/uploads\/2024\/07\/pexels-photo-1181681-1181681-1024x683.jpg\" class=\"attachment-large size-large wp-image-2068\" alt=\"pexels-photo-1181681-1181681.jpg\" srcset=\"https:\/\/www.e-sikolo.com\/wp-content\/uploads\/2024\/07\/pexels-photo-1181681-1181681-1024x683.jpg 1024w, https:\/\/www.e-sikolo.com\/wp-content\/uploads\/2024\/07\/pexels-photo-1181681-1181681-300x200.jpg 300w, https:\/\/www.e-sikolo.com\/wp-content\/uploads\/2024\/07\/pexels-photo-1181681-1181681-768x512.jpg 768w, https:\/\/www.e-sikolo.com\/wp-content\/uploads\/2024\/07\/pexels-photo-1181681-1181681.jpg 1280w\" sizes=\"(max-width: 1024px) 100vw, 1024px\" \/>\t\t\t\t\t\t\t\t\t\t\t\t\t\t\t<\/div>\n\t\t\t\t<\/div>\n\t\t\t\t<\/div>\n\t\t\t\t\t<\/div>\n\t\t\t\t<\/div>\n\t\t<div class=\"elementor-element elementor-element-337de5fc e-flex e-con-boxed e-con e-parent\" data-id=\"337de5fc\" data-element_type=\"container\" data-e-type=\"container\">\n\t\t\t\t\t<div class=\"e-con-inner\">\n\t\t\t\t<div class=\"elementor-element elementor-element-2f1213af elementor-widget elementor-widget-heading\" data-id=\"2f1213af\" data-element_type=\"widget\" data-e-type=\"widget\" data-widget_type=\"heading.default\">\n\t\t\t\t<div class=\"elementor-widget-container\">\n\t\t\t\t\t<h2 class=\"elementor-heading-title elementor-size-default\">Une question ? Contactez-nous !<\/h2>\t\t\t\t<\/div>\n\t\t\t\t<\/div>\n\t\t\t\t<div class=\"elementor-element elementor-element-13cc6bfe elementor-widget elementor-widget-text-editor\" data-id=\"13cc6bfe\" data-element_type=\"widget\" data-e-type=\"widget\" data-widget_type=\"text-editor.default\">\n\t\t\t\t<div class=\"elementor-widget-container\">\n\t\t\t\t\t\t\t\t\tPour toute question n&rsquo;h\u00e9sitez pas \u00e0 nous contacter\t\t\t\t\t\t\t\t<\/div>\n\t\t\t\t<\/div>\n\t\t\t\t<div class=\"elementor-element elementor-element-541675f1 elementor-button-align-stretch elementor-widget elementor-widget-global elementor-global-2011 elementor-widget-form\" data-id=\"541675f1\" data-element_type=\"widget\" data-e-type=\"widget\" data-settings=\"{&quot;step_next_label&quot;:&quot;Suivant&quot;,&quot;step_previous_label&quot;:&quot;Pr\\u00e9c\\u00e9dent&quot;,&quot;button_width&quot;:&quot;100&quot;,&quot;step_type&quot;:&quot;number_text&quot;,&quot;step_icon_shape&quot;:&quot;circle&quot;}\" data-widget_type=\"form.default\">\n\t\t\t\t<div class=\"elementor-widget-container\">\n\t\t\t\t\t\t\t<form class=\"elementor-form\" method=\"post\" name=\"Nouveau formulaire\" aria-label=\"Nouveau formulaire\">\n\t\t\t<input type=\"hidden\" name=\"post_id\" value=\"2065\"\/>\n\t\t\t<input type=\"hidden\" name=\"form_id\" value=\"541675f1\"\/>\n\t\t\t<input type=\"hidden\" name=\"referer_title\" value=\"E-SIKOLO &#8211; Cours de soutien scolaire par visioconf\u00e9rence\" \/>\n\n\t\t\t\n\t\t\t<div class=\"elementor-form-fields-wrapper elementor-labels-above\">\n\t\t\t\t\t\t\t\t<div class=\"elementor-field-type-text elementor-field-group elementor-column elementor-field-group-surnameEn elementor-col-50\">\n\t\t\t\t\t\t\t\t\t\t\t\t<label for=\"form-field-surnameEn\" class=\"elementor-field-label\">\n\t\t\t\t\t\t\t\tSurname \/ Pr\u00e9nom\t\t\t\t\t\t\t<\/label>\n\t\t\t\t\t\t\t\t\t\t\t\t\t\t<input size=\"1\" type=\"text\" name=\"form_fields[surnameEn]\" id=\"form-field-surnameEn\" class=\"elementor-field elementor-size-sm  elementor-field-textual\" placeholder=\"Surname \/ Pr\u00e9nom\">\n\t\t\t\t\t\t\t\t\t\t\t<\/div>\n\t\t\t\t\t\t\t\t<div class=\"elementor-field-type-text elementor-field-group elementor-column elementor-field-group-nameEn elementor-col-50\">\n\t\t\t\t\t\t\t\t\t\t\t\t<label for=\"form-field-nameEn\" class=\"elementor-field-label\">\n\t\t\t\t\t\t\t\tName \/ Nom\t\t\t\t\t\t\t<\/label>\n\t\t\t\t\t\t\t\t\t\t\t\t\t\t<input size=\"1\" type=\"text\" name=\"form_fields[nameEn]\" id=\"form-field-nameEn\" class=\"elementor-field elementor-size-sm  elementor-field-textual\" placeholder=\"Nom\">\n\t\t\t\t\t\t\t\t\t\t\t<\/div>\n\t\t\t\t\t\t\t\t<div class=\"elementor-field-type-email elementor-field-group elementor-column elementor-field-group-email elementor-col-100 elementor-field-required\">\n\t\t\t\t\t\t\t\t\t\t\t\t<label for=\"form-field-email\" class=\"elementor-field-label\">\n\t\t\t\t\t\t\t\tE-mail\t\t\t\t\t\t\t<\/label>\n\t\t\t\t\t\t\t\t\t\t\t\t\t\t<input size=\"1\" type=\"email\" name=\"form_fields[email]\" id=\"form-field-email\" class=\"elementor-field elementor-size-sm  elementor-field-textual\" placeholder=\"E-mail\" required=\"required\">\n\t\t\t\t\t\t\t\t\t\t\t<\/div>\n\t\t\t\t\t\t\t\t<div class=\"elementor-field-type-tel elementor-field-group elementor-column elementor-field-group-field_1af3a42 elementor-col-100 elementor-field-required\">\n\t\t\t\t\t\t\t\t\t\t\t\t<label for=\"form-field-field_1af3a42\" class=\"elementor-field-label\">\n\t\t\t\t\t\t\t\tPhone \/ T\u00e9l\u00e9phone\t\t\t\t\t\t\t<\/label>\n\t\t\t\t\t\t\t\t<input size=\"1\" type=\"tel\" name=\"form_fields[field_1af3a42]\" id=\"form-field-field_1af3a42\" class=\"elementor-field elementor-size-sm  elementor-field-textual\" placeholder=\"Phone \/ T\u00e9l\u00e9phone\" required=\"required\" pattern=\"[0-9()#&amp;+*-=.]+\" title=\"Only numbers and phone characters (#, -, *, etc) are accepted.\">\n\n\t\t\t\t\t\t<\/div>\n\t\t\t\t\t\t\t\t<div class=\"elementor-field-type-textarea elementor-field-group elementor-column elementor-field-group-message elementor-col-100\">\n\t\t\t\t\t\t\t\t\t\t\t\t<label for=\"form-field-message\" class=\"elementor-field-label\">\n\t\t\t\t\t\t\t\tMessage\t\t\t\t\t\t\t<\/label>\n\t\t\t\t\t\t<textarea class=\"elementor-field-textual elementor-field  elementor-size-sm\" name=\"form_fields[message]\" id=\"form-field-message\" rows=\"4\" placeholder=\"Message\"><\/textarea>\t\t\t\t<\/div>\n\t\t\t\t\t\t\t\t<div class=\"elementor-field-group elementor-column elementor-field-type-submit elementor-col-100 e-form__buttons\">\n\t\t\t\t\t<button class=\"elementor-button elementor-size-sm\" type=\"submit\">\n\t\t\t\t\t\t<span class=\"elementor-button-content-wrapper\">\n\t\t\t\t\t\t\t\t\t\t\t\t\t\t\t\t\t\t\t\t\t\t<span class=\"elementor-button-text\">Envoyer<\/span>\n\t\t\t\t\t\t\t\t\t\t\t\t\t<\/span>\n\t\t\t\t\t<\/button>\n\t\t\t\t<\/div>\n\t\t\t<\/div>\n\t\t<\/form>\n\t\t\t\t\t\t<\/div>\n\t\t\t\t<\/div>\n\t\t\t\t\t<\/div>\n\t\t\t\t<\/div>\n\t\t\t\t<\/div>\n\t\t","protected":false},"excerpt":{"rendered":"<p>Besoin d&rsquo;aide ? Contactez-nous ! Que vous ayez une question sur nos produits ou services, que vous souhaitiez signaler un [&hellip;]<\/p>\n","protected":false},"author":9,"featured_media":0,"parent":0,"menu_order":0,"comment_status":"closed","ping_status":"closed","template":"","meta":{"_acf_changed":false,"site-sidebar-layout":"no-sidebar","site-content-layout":"page-builder","ast-site-content-layout":"full-width-container","site-content-style":"default","site-sidebar-style":"default","ast-global-header-display":"","ast-banner-title-visibility":"","ast-main-header-display":"","ast-hfb-above-header-display":"","ast-hfb-below-header-display":"","ast-hfb-mobile-header-display":"","site-post-title":"disabled","ast-breadcrumbs-content":"","ast-featured-img":"disabled","footer-sml-layout":"","theme-transparent-header-meta":"","adv-header-id-meta":"","stick-header-meta":"","header-above-stick-meta":"","header-main-stick-meta":"","header-below-stick-meta":"","astra-migrate-meta-layouts":"set","ast-page-background-enabled":"default","ast-page-background-meta":{"desktop":{"background-color":"var(--ast-global-color-4)","background-image":"","background-repeat":"repeat","background-position":"center center","background-size":"auto","background-attachment":"scroll","background-type":"","background-media":"","overlay-type":"","overlay-color":"","overlay-opacity":"","overlay-gradient":""},"tablet":{"background-color":"","background-image":"","background-repeat":"repeat","background-position":"center center","background-size":"auto","background-attachment":"scroll","background-type":"","background-media":"","overlay-type":"","overlay-color":"","overlay-opacity":"","overlay-gradient":""},"mobile":{"background-color":"","background-image":"","background-repeat":"repeat","background-position":"center center","background-size":"auto","background-attachment":"scroll","background-type":"","background-media":"","overlay-type":"","overlay-color":"","overlay-opacity":"","overlay-gradient":""}},"ast-content-background-meta":{"desktop":{"background-color":"var(--ast-global-color-5)","background-image":"","background-repeat":"repeat","background-position":"center center","background-size":"auto","background-attachment":"scroll","background-type":"","background-media":"","overlay-type":"","overlay-color":"","overlay-opacity":"","overlay-gradient":""},"tablet":{"background-color":"var(--ast-global-color-5)","background-image":"","background-repeat":"repeat","background-position":"center center","background-size":"auto","background-attachment":"scroll","background-type":"","background-media":"","overlay-type":"","overlay-color":"","overlay-opacity":"","overlay-gradient":""},"mobile":{"background-color":"var(--ast-global-color-5)","background-image":"","background-repeat":"repeat","background-position":"center center","background-size":"auto","background-attachment":"scroll","background-type":"","background-media":"","overlay-type":"","overlay-color":"","overlay-opacity":"","overlay-gradient":""}},"footnotes":""},"class_list":["post-2065","page","type-page","status-publish","hentry"],"acf":[],"yoast_head":"<!-- This site is optimized with the Yoast SEO plugin v27.5 - https:\/\/yoast.com\/product\/yoast-seo-wordpress\/ -->\n<title>Contactez-nous - E-SIKOLO - Cours de soutien scolaire par visioconf\u00e9rence<\/title>\n<meta name=\"robots\" content=\"index, follow, max-snippet:-1, max-image-preview:large, max-video-preview:-1\" \/>\n<link rel=\"canonical\" href=\"https:\/\/www.e-sikolo.com\/en\/contactez-nous\/\" \/>\n<meta property=\"og:locale\" content=\"en_GB\" \/>\n<meta property=\"og:type\" content=\"article\" \/>\n<meta property=\"og:title\" content=\"Contactez-nous - E-SIKOLO - Cours de soutien scolaire par visioconf\u00e9rence\" \/>\n<meta property=\"og:description\" content=\"Besoin d&rsquo;aide ? Contactez-nous ! Que vous ayez une question sur nos produits ou services, que vous souhaitiez signaler un [&hellip;]\" \/>\n<meta property=\"og:url\" content=\"https:\/\/www.e-sikolo.com\/en\/contactez-nous\/\" \/>\n<meta property=\"og:site_name\" content=\"E-SIKOLO - Cours de soutien scolaire par visioconf\u00e9rence\" \/>\n<meta property=\"article:modified_time\" content=\"2024-09-10T16:07:14+00:00\" \/>\n<meta property=\"og:image\" content=\"https:\/\/www.e-sikolo.com\/wp-content\/uploads\/2024\/07\/pexels-photo-1181681-1181681-1024x683.jpg\" \/>\n<meta name=\"twitter:card\" content=\"summary_large_image\" \/>\n<meta name=\"twitter:label1\" content=\"Estimated reading time\" \/>\n\t<meta name=\"twitter:data1\" content=\"1 minute\" \/>\n<script type=\"application\/ld+json\" class=\"yoast-schema-graph\">{\"@context\":\"https:\\\/\\\/schema.org\",\"@graph\":[{\"@type\":\"WebPage\",\"@id\":\"https:\\\/\\\/www.e-sikolo.com\\\/contactez-nous\\\/\",\"url\":\"https:\\\/\\\/www.e-sikolo.com\\\/contactez-nous\\\/\",\"name\":\"Contactez-nous - E-SIKOLO - Cours de soutien scolaire par visioconf\u00e9rence\",\"isPartOf\":{\"@id\":\"https:\\\/\\\/www.e-sikolo.com\\\/#website\"},\"primaryImageOfPage\":{\"@id\":\"https:\\\/\\\/www.e-sikolo.com\\\/contactez-nous\\\/#primaryimage\"},\"image\":{\"@id\":\"https:\\\/\\\/www.e-sikolo.com\\\/contactez-nous\\\/#primaryimage\"},\"thumbnailUrl\":\"https:\\\/\\\/www.e-sikolo.com\\\/wp-content\\\/uploads\\\/2024\\\/07\\\/pexels-photo-1181681-1181681-1024x683.jpg\",\"datePublished\":\"2024-07-19T10:38:27+00:00\",\"dateModified\":\"2024-09-10T16:07:14+00:00\",\"breadcrumb\":{\"@id\":\"https:\\\/\\\/www.e-sikolo.com\\\/contactez-nous\\\/#breadcrumb\"},\"inLanguage\":\"en-GB\",\"potentialAction\":[{\"@type\":\"ReadAction\",\"target\":[\"https:\\\/\\\/www.e-sikolo.com\\\/contactez-nous\\\/\"]}]},{\"@type\":\"ImageObject\",\"inLanguage\":\"en-GB\",\"@id\":\"https:\\\/\\\/www.e-sikolo.com\\\/contactez-nous\\\/#primaryimage\",\"url\":\"https:\\\/\\\/www.e-sikolo.com\\\/wp-content\\\/uploads\\\/2024\\\/07\\\/pexels-photo-1181681-1181681-1024x683.jpg\",\"contentUrl\":\"https:\\\/\\\/www.e-sikolo.com\\\/wp-content\\\/uploads\\\/2024\\\/07\\\/pexels-photo-1181681-1181681-1024x683.jpg\"},{\"@type\":\"BreadcrumbList\",\"@id\":\"https:\\\/\\\/www.e-sikolo.com\\\/contactez-nous\\\/#breadcrumb\",\"itemListElement\":[{\"@type\":\"ListItem\",\"position\":1,\"name\":\"Home\",\"item\":\"https:\\\/\\\/www.e-sikolo.com\\\/\"},{\"@type\":\"ListItem\",\"position\":2,\"name\":\"Contactez-nous\"}]},{\"@type\":\"WebSite\",\"@id\":\"https:\\\/\\\/www.e-sikolo.com\\\/#website\",\"url\":\"https:\\\/\\\/www.e-sikolo.com\\\/\",\"name\":\"E-SIKOLO - Cours de soutien scolaire par visioconf\u00e9rence\",\"description\":\"Instruit toi !\",\"publisher\":{\"@id\":\"https:\\\/\\\/www.e-sikolo.com\\\/#organization\"},\"potentialAction\":[{\"@type\":\"SearchAction\",\"target\":{\"@type\":\"EntryPoint\",\"urlTemplate\":\"https:\\\/\\\/www.e-sikolo.com\\\/?s={search_term_string}\"},\"query-input\":{\"@type\":\"PropertyValueSpecification\",\"valueRequired\":true,\"valueName\":\"search_term_string\"}}],\"inLanguage\":\"en-GB\"},{\"@type\":\"Organization\",\"@id\":\"https:\\\/\\\/www.e-sikolo.com\\\/#organization\",\"name\":\"E-SIKOLO - Cours de soutien scolaire par visioconf\u00e9rence\",\"url\":\"https:\\\/\\\/www.e-sikolo.com\\\/\",\"logo\":{\"@type\":\"ImageObject\",\"inLanguage\":\"en-GB\",\"@id\":\"https:\\\/\\\/www.e-sikolo.com\\\/#\\\/schema\\\/logo\\\/image\\\/\",\"url\":\"https:\\\/\\\/www.e-sikolo.com\\\/wp-content\\\/uploads\\\/2024\\\/07\\\/e-sikolo.png\",\"contentUrl\":\"https:\\\/\\\/www.e-sikolo.com\\\/wp-content\\\/uploads\\\/2024\\\/07\\\/e-sikolo.png\",\"width\":413,\"height\":132,\"caption\":\"E-SIKOLO - Cours de soutien scolaire par visioconf\u00e9rence\"},\"image\":{\"@id\":\"https:\\\/\\\/www.e-sikolo.com\\\/#\\\/schema\\\/logo\\\/image\\\/\"}}]}<\/script>\n<!-- \/ Yoast SEO plugin. -->","yoast_head_json":{"title":"Contactez-nous - E-SIKOLO - Cours de soutien scolaire par visioconf\u00e9rence","robots":{"index":"index","follow":"follow","max-snippet":"max-snippet:-1","max-image-preview":"max-image-preview:large","max-video-preview":"max-video-preview:-1"},"canonical":"https:\/\/www.e-sikolo.com\/en\/contactez-nous\/","og_locale":"en_GB","og_type":"article","og_title":"Contactez-nous - E-SIKOLO - Cours de soutien scolaire par visioconf\u00e9rence","og_description":"Besoin d&rsquo;aide ? Contactez-nous ! Que vous ayez une question sur nos produits ou services, que vous souhaitiez signaler un [&hellip;]","og_url":"https:\/\/www.e-sikolo.com\/en\/contactez-nous\/","og_site_name":"E-SIKOLO - Cours de soutien scolaire par visioconf\u00e9rence","article_modified_time":"2024-09-10T16:07:14+00:00","og_image":[{"url":"https:\/\/www.e-sikolo.com\/wp-content\/uploads\/2024\/07\/pexels-photo-1181681-1181681-1024x683.jpg","type":"","width":"","height":""}],"twitter_card":"summary_large_image","twitter_misc":{"Estimated reading time":"1 minute"},"schema":{"@context":"https:\/\/schema.org","@graph":[{"@type":"WebPage","@id":"https:\/\/www.e-sikolo.com\/contactez-nous\/","url":"https:\/\/www.e-sikolo.com\/contactez-nous\/","name":"Contactez-nous - E-SIKOLO - Cours de soutien scolaire par visioconf\u00e9rence","isPartOf":{"@id":"https:\/\/www.e-sikolo.com\/#website"},"primaryImageOfPage":{"@id":"https:\/\/www.e-sikolo.com\/contactez-nous\/#primaryimage"},"image":{"@id":"https:\/\/www.e-sikolo.com\/contactez-nous\/#primaryimage"},"thumbnailUrl":"https:\/\/www.e-sikolo.com\/wp-content\/uploads\/2024\/07\/pexels-photo-1181681-1181681-1024x683.jpg","datePublished":"2024-07-19T10:38:27+00:00","dateModified":"2024-09-10T16:07:14+00:00","breadcrumb":{"@id":"https:\/\/www.e-sikolo.com\/contactez-nous\/#breadcrumb"},"inLanguage":"en-GB","potentialAction":[{"@type":"ReadAction","target":["https:\/\/www.e-sikolo.com\/contactez-nous\/"]}]},{"@type":"ImageObject","inLanguage":"en-GB","@id":"https:\/\/www.e-sikolo.com\/contactez-nous\/#primaryimage","url":"https:\/\/www.e-sikolo.com\/wp-content\/uploads\/2024\/07\/pexels-photo-1181681-1181681-1024x683.jpg","contentUrl":"https:\/\/www.e-sikolo.com\/wp-content\/uploads\/2024\/07\/pexels-photo-1181681-1181681-1024x683.jpg"},{"@type":"BreadcrumbList","@id":"https:\/\/www.e-sikolo.com\/contactez-nous\/#breadcrumb","itemListElement":[{"@type":"ListItem","position":1,"name":"Home","item":"https:\/\/www.e-sikolo.com\/"},{"@type":"ListItem","position":2,"name":"Contactez-nous"}]},{"@type":"WebSite","@id":"https:\/\/www.e-sikolo.com\/#website","url":"https:\/\/www.e-sikolo.com\/","name":"E-SIKOLO - Cours de soutien scolaire par visioconf\u00e9rence","description":"Instruit toi !","publisher":{"@id":"https:\/\/www.e-sikolo.com\/#organization"},"potentialAction":[{"@type":"SearchAction","target":{"@type":"EntryPoint","urlTemplate":"https:\/\/www.e-sikolo.com\/?s={search_term_string}"},"query-input":{"@type":"PropertyValueSpecification","valueRequired":true,"valueName":"search_term_string"}}],"inLanguage":"en-GB"},{"@type":"Organization","@id":"https:\/\/www.e-sikolo.com\/#organization","name":"E-SIKOLO - Cours de soutien scolaire par visioconf\u00e9rence","url":"https:\/\/www.e-sikolo.com\/","logo":{"@type":"ImageObject","inLanguage":"en-GB","@id":"https:\/\/www.e-sikolo.com\/#\/schema\/logo\/image\/","url":"https:\/\/www.e-sikolo.com\/wp-content\/uploads\/2024\/07\/e-sikolo.png","contentUrl":"https:\/\/www.e-sikolo.com\/wp-content\/uploads\/2024\/07\/e-sikolo.png","width":413,"height":132,"caption":"E-SIKOLO - Cours de soutien scolaire par visioconf\u00e9rence"},"image":{"@id":"https:\/\/www.e-sikolo.com\/#\/schema\/logo\/image\/"}}]}},"_links":{"self":[{"href":"https:\/\/www.e-sikolo.com\/en\/wp-json\/wp\/v2\/pages\/2065","targetHints":{"allow":["GET"]}}],"collection":[{"href":"https:\/\/www.e-sikolo.com\/en\/wp-json\/wp\/v2\/pages"}],"about":[{"href":"https:\/\/www.e-sikolo.com\/en\/wp-json\/wp\/v2\/types\/page"}],"author":[{"embeddable":true,"href":"https:\/\/www.e-sikolo.com\/en\/wp-json\/wp\/v2\/users\/9"}],"replies":[{"embeddable":true,"href":"https:\/\/www.e-sikolo.com\/en\/wp-json\/wp\/v2\/comments?post=2065"}],"version-history":[{"count":10,"href":"https:\/\/www.e-sikolo.com\/en\/wp-json\/wp\/v2\/pages\/2065\/revisions"}],"predecessor-version":[{"id":2392,"href":"https:\/\/www.e-sikolo.com\/en\/wp-json\/wp\/v2\/pages\/2065\/revisions\/2392"}],"wp:attachment":[{"href":"https:\/\/www.e-sikolo.com\/en\/wp-json\/wp\/v2\/media?parent=2065"}],"curies":[{"name":"wp","href":"https:\/\/api.w.org\/{rel}","templated":true}]}}